{"id":30287,"date":"2022-04-20T22:06:18","date_gmt":"2022-04-20T20:06:18","guid":{"rendered":"https:\/\/junohouseclub.com\/junocafe-booking\/"},"modified":"2025-01-24T13:32:26","modified_gmt":"2025-01-24T12:32:26","slug":"junocafe-booking","status":"publish","type":"page","link":"https:\/\/junohouseclub.com\/ca\/junocafe-booking\/","title":{"rendered":"Juno Caf\u00e8"},"content":{"rendered":"\t\t<div data-elementor-type=\"wp-page\" data-elementor-id=\"30287\" class=\"elementor elementor-30287 elementor-4633\" data-elementor-post-type=\"page\">\n\t\t\t\t\t\t<section class=\"elementor-section elementor-top-section elementor-element elementor-element-1237608 elementor-section-full_width elementor-section-content-top elementor-section-height-default elementor-section-height-default\" data-id=\"1237608\" data-element_type=\"section\" id=\"the-nave\" data-settings=\"{&quot;background_background&quot;:&quot;classic&quot;}\">\n\t\t\t\t\t\t<div class=\"elementor-container elementor-column-gap-default\">\n\t\t\t\t\t<div class=\"elementor-column elementor-col-100 elementor-top-column elementor-element elementor-element-de7b2bd\" data-id=\"de7b2bd\" data-element_type=\"column\">\n\t\t\t<div class=\"elementor-widget-wrap elementor-element-populated\">\n\t\t\t\t\t\t<div class=\"elementor-element elementor-element-09731a7 elementor-widget__width-auto elementor-widget-mobile__width-inherit elementor-widget elementor-widget-heading\" data-id=\"09731a7\" data-element_type=\"widget\" data-widget_type=\"heading.default\">\n\t\t\t\t<div class=\"elementor-widget-container\">\n\t\t\t<h1 class=\"elementor-heading-title elementor-size-default\">reserves<\/h1>\t\t<\/div>\n\t\t\t\t<\/div>\n\t\t\t\t<div class=\"elementor-element elementor-element-2cb3b7e elementor-widget__width-initial elementor-widget-mobile__width-inherit elementor-widget elementor-widget-text-editor\" data-id=\"2cb3b7e\" data-element_type=\"widget\" data-widget_type=\"text-editor.default\">\n\t\t\t\t<div class=\"elementor-widget-container\">\n\t\t\t\t\t\t\t<p>Juno Caf\u00e8 \u00e9s el lloc ideal per degustar plats saludables, de temporada i ecol\u00f2gics. Clubhouse \u00e9s l&#8217;espai per desconnectar i gaudir d&#8217;un afterwork exclusiu. C\u00f2ctels de primera qualitat, petits plats i un ambient acollidor.<\/p>\t\t\t\t\t\t<\/div>\n\t\t\t\t<\/div>\n\t\t\t\t\t<\/div>\n\t\t<\/div>\n\t\t\t\t\t<\/div>\n\t\t<\/section>\n\t\t\t\t<section class=\"elementor-section elementor-top-section elementor-element elementor-element-ec101f7 elementor-section-height-min-height elementor-section-full_width elementor-hidden-mobile elementor-section-height-default elementor-section-items-middle\" data-id=\"ec101f7\" data-element_type=\"section\" data-settings=\"{&quot;background_background&quot;:&quot;classic&quot;}\">\n\t\t\t\t\t\t<div class=\"elementor-container elementor-column-gap-default\">\n\t\t\t\t\t<header class=\"elementor-column elementor-col-100 elementor-top-column elementor-element elementor-element-7ba695d\" data-id=\"7ba695d\" data-element_type=\"column\">\n\t\t\t<div class=\"elementor-widget-wrap\">\n\t\t\t\t\t\t\t<\/div>\n\t\t<\/header>\n\t\t\t\t\t<\/div>\n\t\t<\/section>\n\t\t\t\t<section class=\"elementor-section elementor-top-section elementor-element elementor-element-4784656 elementor-section-stretched elementor-section-full_width elementor-section-height-default elementor-section-height-default\" data-id=\"4784656\" data-element_type=\"section\" data-settings=\"{&quot;stretch_section&quot;:&quot;section-stretched&quot;}\">\n\t\t\t\t\t\t<div class=\"elementor-container elementor-column-gap-default\">\n\t\t\t\t\t<div class=\"elementor-column elementor-col-50 elementor-top-column elementor-element elementor-element-7583bb2\" data-id=\"7583bb2\" data-element_type=\"column\">\n\t\t\t<div class=\"elementor-widget-wrap elementor-element-populated\">\n\t\t\t\t\t\t<div class=\"elementor-element elementor-element-7f423b7 elementor-widget elementor-widget-text-editor\" data-id=\"7f423b7\" data-element_type=\"widget\" data-widget_type=\"text-editor.default\">\n\t\t\t\t<div class=\"elementor-widget-container\">\n\t\t\t\t\t\t\t<p>Juno Caf\u00e8 ofereix un men\u00fa que evoluciona no nom\u00e9s amb les estacions, sin\u00f3 setmanalment gr\u00e0cies al nostre soci d&#8217;aliments i begudes, Cal Blay. Estem orgullosos de donar suport als productors locals i de treballar directament amb els agricultors per obtenir productes org\u00e0nics de la m\u00e9s alta qualitat i ingredients collits de manera sostenible. Des de caputxins espumosos fins a men\u00fas degustaci\u00f3 fins a un mos nutritiu r\u00e0pid, a l&#8217;equip de Juno Caf\u00e8 li encanta tenir cura dels nostres hostes. Passeu-vos i mireu qu\u00e8 s&#8217;est\u00e0 cuinant a la cuina aquesta setmana.<\/p>\t\t\t\t\t\t<\/div>\n\t\t\t\t<\/div>\n\t\t\t\t<div class=\"elementor-element elementor-element-9f20618 elementor-widget elementor-widget-heading\" data-id=\"9f20618\" data-element_type=\"widget\" data-widget_type=\"heading.default\">\n\t\t\t\t<div class=\"elementor-widget-container\">\n\t\t\t<h2 class=\"elementor-heading-title elementor-size-default\">horaris<\/h2>\t\t<\/div>\n\t\t\t\t<\/div>\n\t\t\t\t<section class=\"elementor-section elementor-inner-section elementor-element elementor-element-e5fb032 elementor-section-boxed elementor-section-height-default elementor-section-height-default\" data-id=\"e5fb032\" data-element_type=\"section\">\n\t\t\t\t\t\t<div class=\"elementor-container elementor-column-gap-default\">\n\t\t\t\t\t<div class=\"elementor-column elementor-col-100 elementor-inner-column elementor-element elementor-element-e7a395d\" data-id=\"e7a395d\" data-element_type=\"column\">\n\t\t\t<div class=\"elementor-widget-wrap elementor-element-populated\">\n\t\t\t\t\t\t<div class=\"elementor-element elementor-element-9829a89 elementor-widget elementor-widget-text-editor\" data-id=\"9829a89\" data-element_type=\"widget\" data-widget_type=\"text-editor.default\">\n\t\t\t\t<div class=\"elementor-widget-container\">\n\t\t\t\t\t\t\t<ul><li>Esmorzar al Juno Caf\u00e8: <strong>8:30h-11:30h<\/strong><\/li><li>Dinar al Juno Caf\u00e8: <strong>13h-16h<\/strong><\/li><li>C\u00f2ctels i plats al Clubhouse: <strong>18h a 22h<\/strong> (dimarts a divendres)<\/li><li>Dissabtes:<strong> 10-15h<\/strong> amb Little Juno Kids club per a socis i convidats<\/li><li>Al Juno Caf\u00e8 podr\u00e0s trobar qualsevol cosa per picar entre hores.<\/li><\/ul>\t\t\t\t\t\t<\/div>\n\t\t\t\t<\/div>\n\t\t\t\t\t<\/div>\n\t\t<\/div>\n\t\t\t\t\t<\/div>\n\t\t<\/section>\n\t\t\t\t<section class=\"elementor-section elementor-inner-section elementor-element elementor-element-fa7557d elementor-section-boxed elementor-section-height-default elementor-section-height-default\" data-id=\"fa7557d\" data-element_type=\"section\">\n\t\t\t\t\t\t<div class=\"elementor-container elementor-column-gap-default\">\n\t\t\t\t\t<div class=\"elementor-column elementor-col-100 elementor-inner-column elementor-element elementor-element-597b608\" data-id=\"597b608\" data-element_type=\"column\">\n\t\t\t<div class=\"elementor-widget-wrap elementor-element-populated\">\n\t\t\t\t\t\t<div class=\"elementor-element elementor-element-34dc830 elementor-widget elementor-widget-text-editor\" data-id=\"34dc830\" data-element_type=\"widget\" data-widget_type=\"text-editor.default\">\n\t\t\t\t<div class=\"elementor-widget-container\">\n\t\t\t\t\t\t\t<p><em>Podeu trobar informaci\u00f3 sobre la nostra s\u00e8rie de brunchs mensuals amb m\u00fasica en directe i club infantil<span style=\"text-decoration: underline;\"><strong><a href=\"https:\/\/junohouseclub.com\/bigjunobrunch\"> aqu\u00ed<\/a><\/strong><\/span>!<\/em><\/p><p><em>Per a esdeveniments privats o grups grans, si us plau, escriviu a <a href=\"mailto:mathilde@junohouseclub.com\"><b>events@junohouseclub.com<\/b><\/a><\/em><\/p>\t\t\t\t\t\t<\/div>\n\t\t\t\t<\/div>\n\t\t\t\t<div class=\"elementor-element elementor-element-157cda8 elementor-widget elementor-widget-heading\" data-id=\"157cda8\" data-element_type=\"widget\" data-widget_type=\"heading.default\">\n\t\t\t\t<div class=\"elementor-widget-container\">\n\t\t\t<h3 class=\"elementor-heading-title elementor-size-default\"><b>Fes la teva reserva! Recorda que \u00e9s una web exclusiva per a s\u00f2cies.<\/b><\/h3>\t\t<\/div>\n\t\t\t\t<\/div>\n\t\t\t\t<div class=\"elementor-element elementor-element-4554d55 bg-white elementor-widget elementor-widget-html\" data-id=\"4554d55\" data-element_type=\"widget\" data-widget_type=\"html.default\">\n\t\t\t\t<div class=\"elementor-widget-container\">\n\t\t\t<iframe id=\"restaurante-junohouse\" title=\"Reservas\" src=\"https:\/\/widget.thefork.com\/ca\/ac22dde5-1cb8-4daa-99bb-ac64cd560198\" frameborder=\"0\" height=\"550\" width=\"100%\" style=\"width: 100%; min-height:550px; border:none; overflow:scroll;     filter: grayscale(1);\"><\/iframe>\t\t<\/div>\n\t\t\t\t<\/div>\n\t\t\t\t\t<\/div>\n\t\t<\/div>\n\t\t\t\t\t<\/div>\n\t\t<\/section>\n\t\t\t\t\t<\/div>\n\t\t<\/div>\n\t\t\t\t<div class=\"elementor-column elementor-col-50 elementor-top-column elementor-element elementor-element-be6493f\" data-id=\"be6493f\" data-element_type=\"column\" data-settings=\"{&quot;background_background&quot;:&quot;classic&quot;}\">\n\t\t\t<div class=\"elementor-widget-wrap elementor-element-populated\">\n\t\t\t\t\t\t<div class=\"elementor-element elementor-element-897e60d elementor-widget elementor-widget-spacer\" data-id=\"897e60d\" data-element_type=\"widget\" data-widget_type=\"spacer.default\">\n\t\t\t\t<div class=\"elementor-widget-container\">\n\t\t\t\t\t<div class=\"elementor-spacer\">\n\t\t\t<div class=\"elementor-spacer-inner\"><\/div>\n\t\t<\/div>\n\t\t\t\t<\/div>\n\t\t\t\t<\/div>\n\t\t\t\t\t<\/div>\n\t\t<\/div>\n\t\t\t\t\t<\/div>\n\t\t<\/section>\n\t\t\t\t<\/div>\n\t\t","protected":false},"excerpt":{"rendered":"<p>reserves Juno Caf\u00e8 \u00e9s el lloc ideal per degustar plats saludables, de temporada i ecol\u00f2gics. Clubhouse \u00e9s l&#8217;espai per desconnectar i gaudir d&#8217;un afterwork exclusiu. C\u00f2ctels de primera qualitat, petits plats i un ambient acollidor. Juno Caf\u00e8 ofereix un men\u00fa que evoluciona no nom\u00e9s amb les estacions, sin\u00f3 setmanalment gr\u00e0cies al nostre soci d&#8217;aliments i [&hellip;]<\/p>\n","protected":false},"author":3,"featured_media":0,"parent":0,"menu_order":2,"comment_status":"closed","ping_status":"closed","template":"","meta":{"_acf_changed":false,"footnotes":"","_links_to":"","_links_to_target":""},"class_list":["post-30287","page","type-page","status-publish","hentry"],"acf":[],"yoast_head":"<!-- This site is optimized with the Yoast SEO plugin v23.6 - https:\/\/yoast.com\/wordpress\/plugins\/seo\/ -->\n<title>Juno Caf\u00e8 - Juno House<\/title>\n<meta name=\"description\" content=\"El Juno Caf\u00e8 ofereix un men\u00fa din\u00e0mic de temporada desenvolupat per a Juno House per Laura Veraguas. D&#039;origen vegetal, org\u00e0nic i ple de sabor, treballem amb productors locals que prioritzen la qualitat per sobre de la quantitat i posen el cor i l&#039;\u00e0nima als aliments que servim a Juno House.\" \/>\n<meta name=\"robots\" content=\"index, follow, max-snippet:-1, max-image-preview:large, max-video-preview:-1\" \/>\n<link rel=\"canonical\" href=\"https:\/\/junohouseclub.com\/ca\/junocafe-booking\/\" \/>\n<meta property=\"og:locale\" content=\"ca_ES\" \/>\n<meta property=\"og:type\" content=\"article\" \/>\n<meta property=\"og:title\" content=\"Juno Caf\u00e8 - Juno House\" \/>\n<meta property=\"og:description\" content=\"El Juno Caf\u00e8 ofereix un men\u00fa din\u00e0mic de temporada desenvolupat per a Juno House per Laura Veraguas. D&#039;origen vegetal, org\u00e0nic i ple de sabor, treballem amb productors locals que prioritzen la qualitat per sobre de la quantitat i posen el cor i l&#039;\u00e0nima als aliments que servim a Juno House.\" \/>\n<meta property=\"og:url\" content=\"https:\/\/junohouseclub.com\/ca\/junocafe-booking\/\" \/>\n<meta property=\"og:site_name\" content=\"Juno House\" \/>\n<meta property=\"article:modified_time\" content=\"2025-01-24T12:32:26+00:00\" \/>\n<meta name=\"twitter:card\" content=\"summary_large_image\" \/>\n<meta name=\"twitter:label1\" content=\"Temps estimat de lectura\" \/>\n\t<meta name=\"twitter:data1\" content=\"2 minuts\" \/>\n<script type=\"application\/ld+json\" class=\"yoast-schema-graph\">{\"@context\":\"https:\/\/schema.org\",\"@graph\":[{\"@type\":\"WebPage\",\"@id\":\"https:\/\/junohouseclub.com\/ca\/junocafe-booking\/\",\"url\":\"https:\/\/junohouseclub.com\/ca\/junocafe-booking\/\",\"name\":\"Juno Caf\u00e8 - Juno House\",\"isPartOf\":{\"@id\":\"https:\/\/junohouseclub.com\/ca\/#website\"},\"datePublished\":\"2022-04-20T20:06:18+00:00\",\"dateModified\":\"2025-01-24T12:32:26+00:00\",\"description\":\"El Juno Caf\u00e8 ofereix un men\u00fa din\u00e0mic de temporada desenvolupat per a Juno House per Laura Veraguas. D'origen vegetal, org\u00e0nic i ple de sabor, treballem amb productors locals que prioritzen la qualitat per sobre de la quantitat i posen el cor i l'\u00e0nima als aliments que servim a Juno House.\",\"breadcrumb\":{\"@id\":\"https:\/\/junohouseclub.com\/ca\/junocafe-booking\/#breadcrumb\"},\"inLanguage\":\"ca\",\"potentialAction\":[{\"@type\":\"ReadAction\",\"target\":[\"https:\/\/junohouseclub.com\/ca\/junocafe-booking\/\"]}]},{\"@type\":\"BreadcrumbList\",\"@id\":\"https:\/\/junohouseclub.com\/ca\/junocafe-booking\/#breadcrumb\",\"itemListElement\":[{\"@type\":\"ListItem\",\"position\":1,\"name\":\"Home\",\"item\":\"https:\/\/junohouseclub.com\/ca\/\"},{\"@type\":\"ListItem\",\"position\":2,\"name\":\"Juno Caf\u00e8\"}]},{\"@type\":\"WebSite\",\"@id\":\"https:\/\/junohouseclub.com\/ca\/#website\",\"url\":\"https:\/\/junohouseclub.com\/ca\/\",\"name\":\"Juno House\",\"description\":\"Members\u2019 club &amp; workspace\",\"publisher\":{\"@id\":\"https:\/\/junohouseclub.com\/ca\/#organization\"},\"potentialAction\":[{\"@type\":\"SearchAction\",\"target\":{\"@type\":\"EntryPoint\",\"urlTemplate\":\"https:\/\/junohouseclub.com\/ca\/?s={search_term_string}\"},\"query-input\":{\"@type\":\"PropertyValueSpecification\",\"valueRequired\":true,\"valueName\":\"search_term_string\"}}],\"inLanguage\":\"ca\"},{\"@type\":\"Organization\",\"@id\":\"https:\/\/junohouseclub.com\/ca\/#organization\",\"name\":\"Juno House\",\"url\":\"https:\/\/junohouseclub.com\/ca\/\",\"logo\":{\"@type\":\"ImageObject\",\"inLanguage\":\"ca\",\"@id\":\"https:\/\/junohouseclub.com\/ca\/#\/schema\/logo\/image\/\",\"url\":\"https:\/\/junohouseclub.com\/wp-content\/uploads\/2024\/02\/Asset-1.svg\",\"contentUrl\":\"https:\/\/junohouseclub.com\/wp-content\/uploads\/2024\/02\/Asset-1.svg\",\"width\":575,\"height\":98,\"caption\":\"Juno House\"},\"image\":{\"@id\":\"https:\/\/junohouseclub.com\/ca\/#\/schema\/logo\/image\/\"}}]}<\/script>\n<!-- \/ Yoast SEO plugin. -->","yoast_head_json":{"title":"Juno Caf\u00e8 - Juno House","description":"El Juno Caf\u00e8 ofereix un men\u00fa din\u00e0mic de temporada desenvolupat per a Juno House per Laura Veraguas. D'origen vegetal, org\u00e0nic i ple de sabor, treballem amb productors locals que prioritzen la qualitat per sobre de la quantitat i posen el cor i l'\u00e0nima als aliments que servim a Juno House.","robots":{"index":"index","follow":"follow","max-snippet":"max-snippet:-1","max-image-preview":"max-image-preview:large","max-video-preview":"max-video-preview:-1"},"canonical":"https:\/\/junohouseclub.com\/ca\/junocafe-booking\/","og_locale":"ca_ES","og_type":"article","og_title":"Juno Caf\u00e8 - Juno House","og_description":"El Juno Caf\u00e8 ofereix un men\u00fa din\u00e0mic de temporada desenvolupat per a Juno House per Laura Veraguas. D'origen vegetal, org\u00e0nic i ple de sabor, treballem amb productors locals que prioritzen la qualitat per sobre de la quantitat i posen el cor i l'\u00e0nima als aliments que servim a Juno House.","og_url":"https:\/\/junohouseclub.com\/ca\/junocafe-booking\/","og_site_name":"Juno House","article_modified_time":"2025-01-24T12:32:26+00:00","twitter_card":"summary_large_image","twitter_misc":{"Temps estimat de lectura":"2 minuts"},"schema":{"@context":"https:\/\/schema.org","@graph":[{"@type":"WebPage","@id":"https:\/\/junohouseclub.com\/ca\/junocafe-booking\/","url":"https:\/\/junohouseclub.com\/ca\/junocafe-booking\/","name":"Juno Caf\u00e8 - Juno House","isPartOf":{"@id":"https:\/\/junohouseclub.com\/ca\/#website"},"datePublished":"2022-04-20T20:06:18+00:00","dateModified":"2025-01-24T12:32:26+00:00","description":"El Juno Caf\u00e8 ofereix un men\u00fa din\u00e0mic de temporada desenvolupat per a Juno House per Laura Veraguas. D'origen vegetal, org\u00e0nic i ple de sabor, treballem amb productors locals que prioritzen la qualitat per sobre de la quantitat i posen el cor i l'\u00e0nima als aliments que servim a Juno House.","breadcrumb":{"@id":"https:\/\/junohouseclub.com\/ca\/junocafe-booking\/#breadcrumb"},"inLanguage":"ca","potentialAction":[{"@type":"ReadAction","target":["https:\/\/junohouseclub.com\/ca\/junocafe-booking\/"]}]},{"@type":"BreadcrumbList","@id":"https:\/\/junohouseclub.com\/ca\/junocafe-booking\/#breadcrumb","itemListElement":[{"@type":"ListItem","position":1,"name":"Home","item":"https:\/\/junohouseclub.com\/ca\/"},{"@type":"ListItem","position":2,"name":"Juno Caf\u00e8"}]},{"@type":"WebSite","@id":"https:\/\/junohouseclub.com\/ca\/#website","url":"https:\/\/junohouseclub.com\/ca\/","name":"Juno House","description":"Members\u2019 club &amp; workspace","publisher":{"@id":"https:\/\/junohouseclub.com\/ca\/#organization"},"potentialAction":[{"@type":"SearchAction","target":{"@type":"EntryPoint","urlTemplate":"https:\/\/junohouseclub.com\/ca\/?s={search_term_string}"},"query-input":{"@type":"PropertyValueSpecification","valueRequired":true,"valueName":"search_term_string"}}],"inLanguage":"ca"},{"@type":"Organization","@id":"https:\/\/junohouseclub.com\/ca\/#organization","name":"Juno House","url":"https:\/\/junohouseclub.com\/ca\/","logo":{"@type":"ImageObject","inLanguage":"ca","@id":"https:\/\/junohouseclub.com\/ca\/#\/schema\/logo\/image\/","url":"https:\/\/junohouseclub.com\/wp-content\/uploads\/2024\/02\/Asset-1.svg","contentUrl":"https:\/\/junohouseclub.com\/wp-content\/uploads\/2024\/02\/Asset-1.svg","width":575,"height":98,"caption":"Juno House"},"image":{"@id":"https:\/\/junohouseclub.com\/ca\/#\/schema\/logo\/image\/"}}]}},"_links":{"self":[{"href":"https:\/\/junohouseclub.com\/ca\/wp-json\/wp\/v2\/pages\/30287","targetHints":{"allow":["GET"]}}],"collection":[{"href":"https:\/\/junohouseclub.com\/ca\/wp-json\/wp\/v2\/pages"}],"about":[{"href":"https:\/\/junohouseclub.com\/ca\/wp-json\/wp\/v2\/types\/page"}],"author":[{"embeddable":true,"href":"https:\/\/junohouseclub.com\/ca\/wp-json\/wp\/v2\/users\/3"}],"replies":[{"embeddable":true,"href":"https:\/\/junohouseclub.com\/ca\/wp-json\/wp\/v2\/comments?post=30287"}],"version-history":[{"count":26,"href":"https:\/\/junohouseclub.com\/ca\/wp-json\/wp\/v2\/pages\/30287\/revisions"}],"predecessor-version":[{"id":30331,"href":"https:\/\/junohouseclub.com\/ca\/wp-json\/wp\/v2\/pages\/30287\/revisions\/30331"}],"wp:attachment":[{"href":"https:\/\/junohouseclub.com\/ca\/wp-json\/wp\/v2\/media?parent=30287"}],"curies":[{"name":"wp","href":"https:\/\/api.w.org\/{rel}","templated":true}]}}