{"id":18281,"date":"2023-10-27T12:24:48","date_gmt":"2023-10-27T10:24:48","guid":{"rendered":"https:\/\/junohouseclub.com\/?page_id=18281"},"modified":"2023-10-30T17:54:25","modified_gmt":"2023-10-30T16:54:25","slug":"thecreators","status":"publish","type":"page","link":"https:\/\/junohouseclub.com\/es\/thecreators\/","title":{"rendered":"The Creators: Women in design 1st Edition"},"content":{"rendered":"\t\t<div data-elementor-type=\"wp-post\" data-elementor-id=\"18281\" class=\"elementor elementor-18281\" data-elementor-post-type=\"page\">\n\t\t\t\t\t\t<section class=\"elementor-section elementor-top-section elementor-element elementor-element-ac404d7 elementor-section-boxed elementor-section-height-default elementor-section-height-default\" data-id=\"ac404d7\" data-element_type=\"section\">\n\t\t\t\t\t\t<div class=\"elementor-container elementor-column-gap-default\">\n\t\t\t\t\t<div class=\"elementor-column elementor-col-100 elementor-top-column elementor-element elementor-element-5b204ba\" data-id=\"5b204ba\" data-element_type=\"column\">\n\t\t\t<div class=\"elementor-widget-wrap elementor-element-populated\">\n\t\t\t\t\t\t<div class=\"elementor-element elementor-element-3a07fca elementor-hidden-tablet elementor-hidden-mobile elementor-widget elementor-widget-video\" data-id=\"3a07fca\" data-element_type=\"widget\" data-settings=\"{&quot;video_type&quot;:&quot;hosted&quot;,&quot;autoplay&quot;:&quot;yes&quot;,&quot;loop&quot;:&quot;yes&quot;,&quot;mute&quot;:&quot;yes&quot;}\" data-widget_type=\"video.default\">\n\t\t\t\t<div class=\"elementor-widget-container\">\n\t\t\t\t\t<div class=\"e-hosted-video elementor-wrapper elementor-open-inline\">\n\t\t\t\t\t<video class=\"elementor-video\" src=\"https:\/\/junohouseclub.com\/wp-content\/uploads\/2023\/10\/Banner-THE-CREATORS-Casa-batllo-x-Juno-House.mp4\" autoplay=\"\" loop=\"\" muted=\"muted\" controlsList=\"nodownload\" poster=\"https:\/\/junohouseclub.com\/wp-content\/uploads\/2023\/10\/THE-CREATORS-Juno-House-x-Casa-Batllo-07.png\"><\/video>\n\t\t\t\t<\/div>\n\t\t\t\t<\/div>\n\t\t\t\t<\/div>\n\t\t\t\t<div class=\"elementor-element elementor-element-86febbb elementor-hidden-desktop elementor-hidden-laptop elementor-widget elementor-widget-video\" data-id=\"86febbb\" data-element_type=\"widget\" data-settings=\"{&quot;video_type&quot;:&quot;hosted&quot;,&quot;autoplay&quot;:&quot;yes&quot;,&quot;play_on_mobile&quot;:&quot;yes&quot;,&quot;mute&quot;:&quot;yes&quot;,&quot;loop&quot;:&quot;yes&quot;}\" data-widget_type=\"video.default\">\n\t\t\t\t<div class=\"elementor-widget-container\">\n\t\t\t\t\t<div class=\"e-hosted-video elementor-wrapper elementor-open-inline\">\n\t\t\t\t\t<video class=\"elementor-video\" src=\"https:\/\/junohouseclub.com\/wp-content\/uploads\/2023\/10\/The-Creators-JH-x-CB.mov\" autoplay=\"\" loop=\"\" muted=\"muted\" playsinline=\"\" controlsList=\"nodownload\"><\/video>\n\t\t\t\t<\/div>\n\t\t\t\t<\/div>\n\t\t\t\t<\/div>\n\t\t\t\t\t<\/div>\n\t\t<\/div>\n\t\t\t\t\t<\/div>\n\t\t<\/section>\n\t\t\t\t<section class=\"elementor-section elementor-top-section elementor-element elementor-element-efd131f elementor-section-boxed elementor-section-height-default elementor-section-height-default\" data-id=\"efd131f\" data-element_type=\"section\">\n\t\t\t\t\t\t<div class=\"elementor-container elementor-column-gap-default\">\n\t\t\t\t\t<div class=\"elementor-column elementor-col-100 elementor-top-column elementor-element elementor-element-967c78a\" data-id=\"967c78a\" data-element_type=\"column\">\n\t\t\t<div class=\"elementor-widget-wrap elementor-element-populated\">\n\t\t\t\t\t\t<div class=\"elementor-element elementor-element-39ec7d8 elementor-widget__width-initial elementor-widget-mobile__width-initial elementor-widget elementor-widget-heading\" data-id=\"39ec7d8\" data-element_type=\"widget\" data-widget_type=\"heading.default\">\n\t\t\t\t<div class=\"elementor-widget-container\">\n\t\t\t<h2 class=\"elementor-heading-title elementor-size-default\">THE CREATORS <br><i>women in<\/i> <i>design<\/i> <\/h2>\t\t<\/div>\n\t\t\t\t<\/div>\n\t\t\t\t\t<\/div>\n\t\t<\/div>\n\t\t\t\t\t<\/div>\n\t\t<\/section>\n\t\t\t\t<section class=\"elementor-section elementor-top-section elementor-element elementor-element-2f194bc elementor-section-boxed elementor-section-height-default elementor-section-height-default\" data-id=\"2f194bc\" data-element_type=\"section\">\n\t\t\t\t\t\t<div class=\"elementor-container elementor-column-gap-default\">\n\t\t\t\t\t<div class=\"elementor-column elementor-col-100 elementor-top-column elementor-element elementor-element-0d98bc7\" data-id=\"0d98bc7\" data-element_type=\"column\">\n\t\t\t<div class=\"elementor-widget-wrap elementor-element-populated\">\n\t\t\t\t\t\t<div class=\"elementor-element elementor-element-77eab76 elementor-widget__width-initial elementor-widget-tablet__width-initial elementor-widget elementor-widget-text-editor\" data-id=\"77eab76\" data-element_type=\"widget\" data-widget_type=\"text-editor.default\">\n\t\t\t\t<div class=\"elementor-widget-container\">\n\t\t\t\t\t\t\t<p>Un trampol\u00edn para el talento femenino por el D\u00eda de la Mujer Emprendedora.<u><\/u><u><\/u><\/p><p>Un concurso de dise\u00f1o de producto inspirado en la emblem\u00e1tica Casa Batll\u00f3.<\/p><p>El <b>19 de noviembre se celebra el D\u00eda Internacional de la Mujer Emprendedora<\/b>, una fecha muy especial para toda nuestras Juno Woman. Es por este motivo que junto con la ic\u00f3nica Casa Batll\u00f3 queremos dar visibilidad al talento que tenemos en nuestra comunidad a trav\u00e9s de este concurso: <b>THE CREATORS, <i>women in design<\/i><\/b>.<\/p><p><strong>Ready to shine? \u2728 El proyecto ganador estar\u00e1 expuesto y a la venta tanto en la tienda Simb\u00f2lic inspired by Casa Batll\u00f3, que recibe a miles de personas al d\u00eda, nacionales e internacionales, como en la ic\u00f3nica shop de Juno House y contar\u00e1 con el prestigio de ambos espacios emblem\u00e1ticos e inspiradores de Barcelona.<\/strong><\/p><p><strong>Sobre el concurso:<\/strong><\/p><p>Las creadoras podr\u00e1n inscribirse al concurso a partir del<strong> 30 de octubre hasta el 24 de noviembre<\/strong>. El proyecto tiene que estar inspirado en la Casa Batll\u00f3 y se organizar\u00e1 una visita. Hay tres categor\u00edas posibles:<\/p><ol><li><strong>Home Decor<\/strong><\/li><li><strong>Joyer\u00eda<\/strong><\/li><li><strong>Productos lifestyle<\/strong><\/li><\/ol><p><strong><br \/>El premio:<\/strong> el proyecto ganador \u2013 o proyectos ganadores ya que puede haber m\u00e1s de uno \u2013 estar\u00e1 expuesto y a la venta en Simbolic inspired by Casa Batll\u00f3 y en la Juno Shop de Juno House.<\/p><p><strong>C\u00f3mo participar:<\/strong><\/p><p>Para participar en el concurso debes ser <strong>socia o madrina<\/strong> <strong>de Juno House,<\/strong> y todas las interesadas deber\u00e1n inscribirse a trav\u00e9s del enlace que aparece m\u00e1s abajo rellenando el formulario con la informaci\u00f3n que se pide. Esta inscripci\u00f3n tiene como plazo m\u00e1ximo el <strong>24 de noviembre<\/strong>.<\/p><p><strong>Timings del concurso: <\/strong><br \/>Del 30 de octubre al 24 de noviembre el plazo para inscribirse al concurso estar\u00e1 abierto <br \/>El 15 de enero se har\u00e1n las presentaciones de cada proyecto de forma presencial delante del jurado en Juno House. Este d\u00eda todas las participantes deber\u00e1n presentar la maqueta o render del proyecto, as\u00ed como la ficha t\u00e9cnica del producto. *consultar bases legales para m\u00e1s informaci\u00f3n. \u2028<br \/>El 22 de enero desde la cuenta de Juno House y Simbolic inspired by Casa Batll\u00f3 comunicar\u00e1n a la ganadora o ganadoras <br \/>A partir de la primera semana de marzo, coincidiendo con la semana de la mujer, se pondr\u00e1 el\/los proyecto\/s ganador\/es a la venta tanto en Simb\u00f2lic inspired by Casa Batll\u00f3 como en la Juno Shop de Juno House.<\/p>\t\t\t\t\t\t<\/div>\n\t\t\t\t<\/div>\n\t\t\t\t<div class=\"elementor-element elementor-element-7c81f9a elementor-widget__width-initial elementor-hidden-tablet elementor-hidden-mobile elementor-widget elementor-widget-image\" data-id=\"7c81f9a\" data-element_type=\"widget\" data-widget_type=\"image.default\">\n\t\t\t\t<div class=\"elementor-widget-container\">\n\t\t\t\t\t\t\t\t\t\t\t\t\t<img fetchpriority=\"high\" decoding=\"async\" width=\"800\" height=\"951\" src=\"https:\/\/junohouseclub.com\/wp-content\/uploads\/2023\/10\/JH-x-Simbolic-Desktop@4x-861x1024.png\" class=\"attachment-large size-large wp-image-18532\" alt=\"\" srcset=\"https:\/\/junohouseclub.com\/wp-content\/uploads\/2023\/10\/JH-x-Simbolic-Desktop@4x-861x1024.png 861w, https:\/\/junohouseclub.com\/wp-content\/uploads\/2023\/10\/JH-x-Simbolic-Desktop@4x-252x300.png 252w, https:\/\/junohouseclub.com\/wp-content\/uploads\/2023\/10\/JH-x-Simbolic-Desktop@4x-768x913.png 768w, https:\/\/junohouseclub.com\/wp-content\/uploads\/2023\/10\/JH-x-Simbolic-Desktop@4x-1292x1536.png 1292w, https:\/\/junohouseclub.com\/wp-content\/uploads\/2023\/10\/JH-x-Simbolic-Desktop@4x-1722x2048.png 1722w\" sizes=\"(max-width: 800px) 100vw, 800px\" \/>\t\t\t\t\t\t\t\t\t\t\t\t\t<\/div>\n\t\t\t\t<\/div>\n\t\t\t\t<div class=\"elementor-element elementor-element-2a3d8fd elementor-widget elementor-widget-spacer\" data-id=\"2a3d8fd\" data-element_type=\"widget\" data-widget_type=\"spacer.default\">\n\t\t\t\t<div class=\"elementor-widget-container\">\n\t\t\t\t\t<div class=\"elementor-spacer\">\n\t\t\t<div class=\"elementor-spacer-inner\"><\/div>\n\t\t<\/div>\n\t\t\t\t<\/div>\n\t\t\t\t<\/div>\n\t\t\t\t<div class=\"elementor-element elementor-element-16d1824 elementor-widget__width-initial elementor-widget-laptop__width-initial elementor-widget-tablet__width-initial elementor-widget-mobile__width-initial elementor-align-center elementor-widget elementor-widget-button\" data-id=\"16d1824\" data-element_type=\"widget\" data-widget_type=\"button.default\">\n\t\t\t\t<div class=\"elementor-widget-container\">\n\t\t\t\t\t<div class=\"elementor-button-wrapper\">\n\t\t\t<a class=\"elementor-button elementor-button-link elementor-size-xs\" href=\"https:\/\/docs.google.com\/forms\/d\/e\/1FAIpQLSfEBygSy0T2DVDJu2Q4yJwk3a_KHgofgy2jwDSErUmPwO3PbQ\/viewform\">\n\t\t\t\t\t\t<span class=\"elementor-button-content-wrapper\">\n\t\t\t\t\t\t\t\t\t<span class=\"elementor-button-text\">\u00a1Quiero participar!<\/span>\n\t\t\t\t\t<\/span>\n\t\t\t\t\t<\/a>\n\t\t<\/div>\n\t\t\t\t<\/div>\n\t\t\t\t<\/div>\n\t\t\t\t<div class=\"elementor-element elementor-element-c8c25e4 elementor-widget__width-initial elementor-widget-laptop__width-initial elementor-widget-mobile__width-initial elementor-widget elementor-widget-button\" data-id=\"c8c25e4\" data-element_type=\"widget\" data-widget_type=\"button.default\">\n\t\t\t\t<div class=\"elementor-widget-container\">\n\t\t\t\t\t<div class=\"elementor-button-wrapper\">\n\t\t\t<a class=\"elementor-button elementor-button-link elementor-size-xs\" href=\"https:\/\/drive.google.com\/file\/d\/1unC_7EZsCmu4e5PYQ5gUzKxXyV-DTBbp\/view?usp=share_link\">\n\t\t\t\t\t\t<span class=\"elementor-button-content-wrapper\">\n\t\t\t\t\t\t\t\t\t<span class=\"elementor-button-text\">Bases legales del concurso<\/span>\n\t\t\t\t\t<\/span>\n\t\t\t\t\t<\/a>\n\t\t<\/div>\n\t\t\t\t<\/div>\n\t\t\t\t<\/div>\n\t\t\t\t\t<\/div>\n\t\t<\/div>\n\t\t\t\t\t<\/div>\n\t\t<\/section>\n\t\t\t\t<section class=\"elementor-section elementor-top-section elementor-element elementor-element-0737043 elementor-section-boxed elementor-section-height-default elementor-section-height-default\" data-id=\"0737043\" data-element_type=\"section\">\n\t\t\t\t\t\t<div class=\"elementor-container elementor-column-gap-default\">\n\t\t\t\t\t<div class=\"elementor-column elementor-col-100 elementor-top-column elementor-element elementor-element-f6d7d2d\" data-id=\"f6d7d2d\" data-element_type=\"column\">\n\t\t\t<div class=\"elementor-widget-wrap elementor-element-populated\">\n\t\t\t\t\t\t<div class=\"elementor-element elementor-element-623147c elementor-widget elementor-widget-spacer\" data-id=\"623147c\" data-element_type=\"widget\" data-widget_type=\"spacer.default\">\n\t\t\t\t<div class=\"elementor-widget-container\">\n\t\t\t\t\t<div class=\"elementor-spacer\">\n\t\t\t<div class=\"elementor-spacer-inner\"><\/div>\n\t\t<\/div>\n\t\t\t\t<\/div>\n\t\t\t\t<\/div>\n\t\t\t\t\t<\/div>\n\t\t<\/div>\n\t\t\t\t\t<\/div>\n\t\t<\/section>\n\t\t\t\t<section class=\"elementor-section elementor-top-section elementor-element elementor-element-e75f20f elementor-section-boxed elementor-section-height-default elementor-section-height-default\" data-id=\"e75f20f\" data-element_type=\"section\">\n\t\t\t\t\t\t<div class=\"elementor-container elementor-column-gap-default\">\n\t\t\t\t\t<div class=\"elementor-column elementor-col-100 elementor-top-column elementor-element elementor-element-4141705\" data-id=\"4141705\" data-element_type=\"column\">\n\t\t\t<div class=\"elementor-widget-wrap elementor-element-populated\">\n\t\t\t\t\t\t<div class=\"elementor-element elementor-element-0c1be5d elementor-hidden-desktop elementor-hidden-laptop elementor-widget elementor-widget-image\" data-id=\"0c1be5d\" data-element_type=\"widget\" data-widget_type=\"image.default\">\n\t\t\t\t<div class=\"elementor-widget-container\">\n\t\t\t\t\t\t\t\t\t\t\t\t\t<img decoding=\"async\" width=\"800\" height=\"505\" src=\"https:\/\/junohouseclub.com\/wp-content\/uploads\/2023\/10\/JH-x-Simbolic@4x-1024x647.png\" class=\"attachment-large size-large wp-image-18529\" alt=\"\" srcset=\"https:\/\/junohouseclub.com\/wp-content\/uploads\/2023\/10\/JH-x-Simbolic@4x-1024x647.png 1024w, https:\/\/junohouseclub.com\/wp-content\/uploads\/2023\/10\/JH-x-Simbolic@4x-300x190.png 300w, https:\/\/junohouseclub.com\/wp-content\/uploads\/2023\/10\/JH-x-Simbolic@4x-768x485.png 768w, https:\/\/junohouseclub.com\/wp-content\/uploads\/2023\/10\/JH-x-Simbolic@4x-1536x971.png 1536w, https:\/\/junohouseclub.com\/wp-content\/uploads\/2023\/10\/JH-x-Simbolic@4x-2048x1294.png 2048w\" sizes=\"(max-width: 800px) 100vw, 800px\" \/>\t\t\t\t\t\t\t\t\t\t\t\t\t<\/div>\n\t\t\t\t<\/div>\n\t\t\t\t\t<\/div>\n\t\t<\/div>\n\t\t\t\t\t<\/div>\n\t\t<\/section>\n\t\t\t\t<section class=\"elementor-section elementor-top-section elementor-element elementor-element-72886f4 elementor-section-boxed elementor-section-height-default elementor-section-height-default\" data-id=\"72886f4\" data-element_type=\"section\">\n\t\t\t\t\t\t<div class=\"elementor-container elementor-column-gap-default\">\n\t\t\t\t\t<div class=\"elementor-column elementor-col-100 elementor-top-column elementor-element elementor-element-2eee556\" data-id=\"2eee556\" data-element_type=\"column\">\n\t\t\t<div class=\"elementor-widget-wrap elementor-element-populated\">\n\t\t\t\t\t\t<div class=\"elementor-element elementor-element-d74e800 elementor-widget elementor-widget-spacer\" data-id=\"d74e800\" data-element_type=\"widget\" data-widget_type=\"spacer.default\">\n\t\t\t\t<div class=\"elementor-widget-container\">\n\t\t\t\t\t<div class=\"elementor-spacer\">\n\t\t\t<div class=\"elementor-spacer-inner\"><\/div>\n\t\t<\/div>\n\t\t\t\t<\/div>\n\t\t\t\t<\/div>\n\t\t\t\t\t<\/div>\n\t\t<\/div>\n\t\t\t\t\t<\/div>\n\t\t<\/section>\n\t\t\t\t<\/div>\n\t\t","protected":false},"excerpt":{"rendered":"<p>https:\/\/5&#215;2.2a5.myftpupload.com\/wp-content\/uploads\/2023\/10\/Banner-THE-CREATORS-Casa-batllo-x-Juno-House.mp4https:\/\/5&#215;2.2a5.myftpupload.com\/wp-content\/uploads\/2023\/10\/The-Creators-JH-x-CB.mov THE CREATORS women in design Un trampol\u00edn para el talento femenino por el D\u00eda de la Mujer Emprendedora. Un concurso de dise\u00f1o de producto inspirado en la emblem\u00e1tica Casa Batll\u00f3. El 19 de noviembre se celebra el D\u00eda Internacional de la Mujer Emprendedora, una fecha muy especial para toda nuestras Juno Woman. Es por [&hellip;]<\/p>\n","protected":false},"author":3,"featured_media":0,"parent":0,"menu_order":0,"comment_status":"closed","ping_status":"closed","template":"","meta":{"_acf_changed":false,"footnotes":"","_links_to":"","_links_to_target":""},"class_list":["post-18281","page","type-page","status-publish","hentry"],"acf":[],"yoast_head":"<!-- This site is optimized with the Yoast SEO plugin v23.6 - https:\/\/yoast.com\/wordpress\/plugins\/seo\/ -->\n<title>The Creators: Women in design 1st Edition - Juno House<\/title>\n<meta name=\"robots\" content=\"index, follow, max-snippet:-1, max-image-preview:large, max-video-preview:-1\" \/>\n<link rel=\"canonical\" href=\"https:\/\/junohouseclub.com\/es\/thecreators\/\" \/>\n<meta property=\"og:locale\" content=\"es_ES\" \/>\n<meta property=\"og:type\" content=\"article\" \/>\n<meta property=\"og:title\" content=\"The Creators: Women in design 1st Edition - Juno House\" \/>\n<meta property=\"og:description\" content=\"https:\/\/5&#215;2.2a5.myftpupload.com\/wp-content\/uploads\/2023\/10\/Banner-THE-CREATORS-Casa-batllo-x-Juno-House.mp4https:\/\/5&#215;2.2a5.myftpupload.com\/wp-content\/uploads\/2023\/10\/The-Creators-JH-x-CB.mov THE CREATORS women in design Un trampol\u00edn para el talento femenino por el D\u00eda de la Mujer Emprendedora. Un concurso de dise\u00f1o de producto inspirado en la emblem\u00e1tica Casa Batll\u00f3. El 19 de noviembre se celebra el D\u00eda Internacional de la Mujer Emprendedora, una fecha muy especial para toda nuestras Juno Woman. Es por [&hellip;]\" \/>\n<meta property=\"og:url\" content=\"https:\/\/junohouseclub.com\/es\/thecreators\/\" \/>\n<meta property=\"og:site_name\" content=\"Juno House\" \/>\n<meta property=\"article:modified_time\" content=\"2023-10-30T16:54:25+00:00\" \/>\n<meta property=\"og:image\" content=\"https:\/\/5x2.2a5.myftpupload.com\/wp-content\/uploads\/2023\/10\/JH-x-Simbolic-Desktop@4x-861x1024.png\" \/>\n<meta name=\"twitter:card\" content=\"summary_large_image\" \/>\n<meta name=\"twitter:label1\" content=\"Tiempo de lectura\" \/>\n\t<meta name=\"twitter:data1\" content=\"3 minutos\" \/>\n<script type=\"application\/ld+json\" class=\"yoast-schema-graph\">{\"@context\":\"https:\/\/schema.org\",\"@graph\":[{\"@type\":\"WebPage\",\"@id\":\"https:\/\/junohouseclub.com\/es\/thecreators\/\",\"url\":\"https:\/\/junohouseclub.com\/es\/thecreators\/\",\"name\":\"The Creators: Women in design 1st Edition - Juno House\",\"isPartOf\":{\"@id\":\"https:\/\/junohouseclub.com\/es\/#website\"},\"primaryImageOfPage\":{\"@id\":\"https:\/\/junohouseclub.com\/es\/thecreators\/#primaryimage\"},\"image\":{\"@id\":\"https:\/\/junohouseclub.com\/es\/thecreators\/#primaryimage\"},\"thumbnailUrl\":\"https:\/\/5x2.2a5.myftpupload.com\/wp-content\/uploads\/2023\/10\/JH-x-Simbolic-Desktop@4x-861x1024.png\",\"datePublished\":\"2023-10-27T10:24:48+00:00\",\"dateModified\":\"2023-10-30T16:54:25+00:00\",\"breadcrumb\":{\"@id\":\"https:\/\/junohouseclub.com\/es\/thecreators\/#breadcrumb\"},\"inLanguage\":\"es\",\"potentialAction\":[{\"@type\":\"ReadAction\",\"target\":[\"https:\/\/junohouseclub.com\/es\/thecreators\/\"]}]},{\"@type\":\"ImageObject\",\"inLanguage\":\"es\",\"@id\":\"https:\/\/junohouseclub.com\/es\/thecreators\/#primaryimage\",\"url\":\"https:\/\/5x2.2a5.myftpupload.com\/wp-content\/uploads\/2023\/10\/JH-x-Simbolic-Desktop@4x-861x1024.png\",\"contentUrl\":\"https:\/\/5x2.2a5.myftpupload.com\/wp-content\/uploads\/2023\/10\/JH-x-Simbolic-Desktop@4x-861x1024.png\"},{\"@type\":\"BreadcrumbList\",\"@id\":\"https:\/\/junohouseclub.com\/es\/thecreators\/#breadcrumb\",\"itemListElement\":[{\"@type\":\"ListItem\",\"position\":1,\"name\":\"Home\",\"item\":\"https:\/\/junohouseclub.com\/es\/\"},{\"@type\":\"ListItem\",\"position\":2,\"name\":\"The Creators: Women in design 1st Edition\"}]},{\"@type\":\"WebSite\",\"@id\":\"https:\/\/junohouseclub.com\/es\/#website\",\"url\":\"https:\/\/junohouseclub.com\/es\/\",\"name\":\"Juno House\",\"description\":\"Members\u2019 club &amp; workspace\",\"publisher\":{\"@id\":\"https:\/\/junohouseclub.com\/es\/#organization\"},\"potentialAction\":[{\"@type\":\"SearchAction\",\"target\":{\"@type\":\"EntryPoint\",\"urlTemplate\":\"https:\/\/junohouseclub.com\/es\/?s={search_term_string}\"},\"query-input\":{\"@type\":\"PropertyValueSpecification\",\"valueRequired\":true,\"valueName\":\"search_term_string\"}}],\"inLanguage\":\"es\"},{\"@type\":\"Organization\",\"@id\":\"https:\/\/junohouseclub.com\/es\/#organization\",\"name\":\"Juno House\",\"url\":\"https:\/\/junohouseclub.com\/es\/\",\"logo\":{\"@type\":\"ImageObject\",\"inLanguage\":\"es\",\"@id\":\"https:\/\/junohouseclub.com\/es\/#\/schema\/logo\/image\/\",\"url\":\"https:\/\/junohouseclub.com\/wp-content\/uploads\/2024\/02\/Asset-1.svg\",\"contentUrl\":\"https:\/\/junohouseclub.com\/wp-content\/uploads\/2024\/02\/Asset-1.svg\",\"width\":575,\"height\":98,\"caption\":\"Juno House\"},\"image\":{\"@id\":\"https:\/\/junohouseclub.com\/es\/#\/schema\/logo\/image\/\"}}]}<\/script>\n<!-- \/ Yoast SEO plugin. -->","yoast_head_json":{"title":"The Creators: Women in design 1st Edition - Juno House","robots":{"index":"index","follow":"follow","max-snippet":"max-snippet:-1","max-image-preview":"max-image-preview:large","max-video-preview":"max-video-preview:-1"},"canonical":"https:\/\/junohouseclub.com\/es\/thecreators\/","og_locale":"es_ES","og_type":"article","og_title":"The Creators: Women in design 1st Edition - Juno House","og_description":"https:\/\/5&#215;2.2a5.myftpupload.com\/wp-content\/uploads\/2023\/10\/Banner-THE-CREATORS-Casa-batllo-x-Juno-House.mp4https:\/\/5&#215;2.2a5.myftpupload.com\/wp-content\/uploads\/2023\/10\/The-Creators-JH-x-CB.mov THE CREATORS women in design Un trampol\u00edn para el talento femenino por el D\u00eda de la Mujer Emprendedora. Un concurso de dise\u00f1o de producto inspirado en la emblem\u00e1tica Casa Batll\u00f3. El 19 de noviembre se celebra el D\u00eda Internacional de la Mujer Emprendedora, una fecha muy especial para toda nuestras Juno Woman. Es por [&hellip;]","og_url":"https:\/\/junohouseclub.com\/es\/thecreators\/","og_site_name":"Juno House","article_modified_time":"2023-10-30T16:54:25+00:00","og_image":[{"url":"https:\/\/5x2.2a5.myftpupload.com\/wp-content\/uploads\/2023\/10\/JH-x-Simbolic-Desktop@4x-861x1024.png"}],"twitter_card":"summary_large_image","twitter_misc":{"Tiempo de lectura":"3 minutos"},"schema":{"@context":"https:\/\/schema.org","@graph":[{"@type":"WebPage","@id":"https:\/\/junohouseclub.com\/es\/thecreators\/","url":"https:\/\/junohouseclub.com\/es\/thecreators\/","name":"The Creators: Women in design 1st Edition - Juno House","isPartOf":{"@id":"https:\/\/junohouseclub.com\/es\/#website"},"primaryImageOfPage":{"@id":"https:\/\/junohouseclub.com\/es\/thecreators\/#primaryimage"},"image":{"@id":"https:\/\/junohouseclub.com\/es\/thecreators\/#primaryimage"},"thumbnailUrl":"https:\/\/5x2.2a5.myftpupload.com\/wp-content\/uploads\/2023\/10\/JH-x-Simbolic-Desktop@4x-861x1024.png","datePublished":"2023-10-27T10:24:48+00:00","dateModified":"2023-10-30T16:54:25+00:00","breadcrumb":{"@id":"https:\/\/junohouseclub.com\/es\/thecreators\/#breadcrumb"},"inLanguage":"es","potentialAction":[{"@type":"ReadAction","target":["https:\/\/junohouseclub.com\/es\/thecreators\/"]}]},{"@type":"ImageObject","inLanguage":"es","@id":"https:\/\/junohouseclub.com\/es\/thecreators\/#primaryimage","url":"https:\/\/5x2.2a5.myftpupload.com\/wp-content\/uploads\/2023\/10\/JH-x-Simbolic-Desktop@4x-861x1024.png","contentUrl":"https:\/\/5x2.2a5.myftpupload.com\/wp-content\/uploads\/2023\/10\/JH-x-Simbolic-Desktop@4x-861x1024.png"},{"@type":"BreadcrumbList","@id":"https:\/\/junohouseclub.com\/es\/thecreators\/#breadcrumb","itemListElement":[{"@type":"ListItem","position":1,"name":"Home","item":"https:\/\/junohouseclub.com\/es\/"},{"@type":"ListItem","position":2,"name":"The Creators: Women in design 1st Edition"}]},{"@type":"WebSite","@id":"https:\/\/junohouseclub.com\/es\/#website","url":"https:\/\/junohouseclub.com\/es\/","name":"Juno House","description":"Members\u2019 club &amp; workspace","publisher":{"@id":"https:\/\/junohouseclub.com\/es\/#organization"},"potentialAction":[{"@type":"SearchAction","target":{"@type":"EntryPoint","urlTemplate":"https:\/\/junohouseclub.com\/es\/?s={search_term_string}"},"query-input":{"@type":"PropertyValueSpecification","valueRequired":true,"valueName":"search_term_string"}}],"inLanguage":"es"},{"@type":"Organization","@id":"https:\/\/junohouseclub.com\/es\/#organization","name":"Juno House","url":"https:\/\/junohouseclub.com\/es\/","logo":{"@type":"ImageObject","inLanguage":"es","@id":"https:\/\/junohouseclub.com\/es\/#\/schema\/logo\/image\/","url":"https:\/\/junohouseclub.com\/wp-content\/uploads\/2024\/02\/Asset-1.svg","contentUrl":"https:\/\/junohouseclub.com\/wp-content\/uploads\/2024\/02\/Asset-1.svg","width":575,"height":98,"caption":"Juno House"},"image":{"@id":"https:\/\/junohouseclub.com\/es\/#\/schema\/logo\/image\/"}}]}},"_links":{"self":[{"href":"https:\/\/junohouseclub.com\/es\/wp-json\/wp\/v2\/pages\/18281","targetHints":{"allow":["GET"]}}],"collection":[{"href":"https:\/\/junohouseclub.com\/es\/wp-json\/wp\/v2\/pages"}],"about":[{"href":"https:\/\/junohouseclub.com\/es\/wp-json\/wp\/v2\/types\/page"}],"author":[{"embeddable":true,"href":"https:\/\/junohouseclub.com\/es\/wp-json\/wp\/v2\/users\/3"}],"replies":[{"embeddable":true,"href":"https:\/\/junohouseclub.com\/es\/wp-json\/wp\/v2\/comments?post=18281"}],"version-history":[{"count":143,"href":"https:\/\/junohouseclub.com\/es\/wp-json\/wp\/v2\/pages\/18281\/revisions"}],"predecessor-version":[{"id":18552,"href":"https:\/\/junohouseclub.com\/es\/wp-json\/wp\/v2\/pages\/18281\/revisions\/18552"}],"wp:attachment":[{"href":"https:\/\/junohouseclub.com\/es\/wp-json\/wp\/v2\/media?parent=18281"}],"curies":[{"name":"wp","href":"https:\/\/api.w.org\/{rel}","templated":true}]}}