{"id":9458,"date":"2022-04-20T22:06:18","date_gmt":"2022-04-20T20:06:18","guid":{"rendered":"https:\/\/junohouseclub.com\/juno-cafe-booking\/"},"modified":"2025-01-24T13:30:10","modified_gmt":"2025-01-24T12:30:10","slug":"juno-cafe-booking","status":"publish","type":"page","link":"https:\/\/junohouseclub.com\/es\/juno-cafe-booking\/","title":{"rendered":"Juno Caf\u00e9"},"content":{"rendered":"\t\t<div data-elementor-type=\"wp-page\" data-elementor-id=\"9458\" class=\"elementor elementor-9458 elementor-4633\" data-elementor-post-type=\"page\">\n\t\t\t\t\t\t<section class=\"elementor-section elementor-top-section elementor-element elementor-element-1237608 elementor-section-full_width elementor-section-content-top elementor-section-height-default elementor-section-height-default\" data-id=\"1237608\" data-element_type=\"section\" id=\"the-nave\" data-settings=\"{&quot;background_background&quot;:&quot;classic&quot;}\">\n\t\t\t\t\t\t<div class=\"elementor-container elementor-column-gap-default\">\n\t\t\t\t\t<div class=\"elementor-column elementor-col-100 elementor-top-column elementor-element elementor-element-de7b2bd\" data-id=\"de7b2bd\" data-element_type=\"column\">\n\t\t\t<div class=\"elementor-widget-wrap elementor-element-populated\">\n\t\t\t\t\t\t<div class=\"elementor-element elementor-element-09731a7 elementor-widget__width-auto elementor-widget-mobile__width-inherit elementor-widget elementor-widget-heading\" data-id=\"09731a7\" data-element_type=\"widget\" data-widget_type=\"heading.default\">\n\t\t\t\t<div class=\"elementor-widget-container\">\n\t\t\t<h1 class=\"elementor-heading-title elementor-size-default\">reservas<\/h1>\t\t<\/div>\n\t\t\t\t<\/div>\n\t\t\t\t<div class=\"elementor-element elementor-element-2cb3b7e elementor-widget__width-initial elementor-widget-mobile__width-inherit elementor-widget elementor-widget-text-editor\" data-id=\"2cb3b7e\" data-element_type=\"widget\" data-widget_type=\"text-editor.default\">\n\t\t\t\t<div class=\"elementor-widget-container\">\n\t\t\t\t\t\t\t<p><span style=\"font-weight: 400;\">Juno Caf\u00e9 es el lugar ideal para degustar platos saludables, de temporada y ecol\u00f3gicos. El Clubhouse es el espacio para desconectar y disfrutar de un afterwork exclusivo. C\u00f3cteles de primera calidad, peque\u00f1os platos y un ambiente acogedor.<\/span><\/p>\t\t\t\t\t\t<\/div>\n\t\t\t\t<\/div>\n\t\t\t\t\t<\/div>\n\t\t<\/div>\n\t\t\t\t\t<\/div>\n\t\t<\/section>\n\t\t\t\t<section class=\"elementor-section elementor-top-section elementor-element elementor-element-42aecfc elementor-hidden-desktop elementor-hidden-laptop elementor-hidden-tablet elementor-section-boxed elementor-section-height-default elementor-section-height-default\" data-id=\"42aecfc\" data-element_type=\"section\" data-settings=\"{&quot;background_background&quot;:&quot;classic&quot;}\">\n\t\t\t\t\t\t<div class=\"elementor-container elementor-column-gap-default\">\n\t\t\t\t\t<div class=\"elementor-column elementor-col-100 elementor-top-column elementor-element elementor-element-94f1777\" data-id=\"94f1777\" data-element_type=\"column\">\n\t\t\t<div class=\"elementor-widget-wrap elementor-element-populated\">\n\t\t\t\t\t\t<div class=\"elementor-element elementor-element-c5d9964 elementor-widget elementor-widget-spacer\" data-id=\"c5d9964\" data-element_type=\"widget\" data-widget_type=\"spacer.default\">\n\t\t\t\t<div class=\"elementor-widget-container\">\n\t\t\t\t\t<div class=\"elementor-spacer\">\n\t\t\t<div class=\"elementor-spacer-inner\"><\/div>\n\t\t<\/div>\n\t\t\t\t<\/div>\n\t\t\t\t<\/div>\n\t\t\t\t\t<\/div>\n\t\t<\/div>\n\t\t\t\t\t<\/div>\n\t\t<\/section>\n\t\t\t\t<section class=\"elementor-section elementor-top-section elementor-element elementor-element-ec101f7 elementor-section-height-min-height elementor-section-full_width elementor-hidden-mobile elementor-section-height-default elementor-section-items-middle\" data-id=\"ec101f7\" data-element_type=\"section\" data-settings=\"{&quot;background_background&quot;:&quot;classic&quot;}\">\n\t\t\t\t\t\t<div class=\"elementor-container elementor-column-gap-default\">\n\t\t\t\t\t<div class=\"elementor-column elementor-col-100 elementor-top-column elementor-element elementor-element-7ba695d\" data-id=\"7ba695d\" data-element_type=\"column\">\n\t\t\t<div class=\"elementor-widget-wrap\">\n\t\t\t\t\t\t\t<\/div>\n\t\t<\/div>\n\t\t\t\t\t<\/div>\n\t\t<\/section>\n\t\t\t\t<section class=\"elementor-section elementor-top-section elementor-element elementor-element-4784656 elementor-section-stretched elementor-section-full_width elementor-section-height-default elementor-section-height-default\" data-id=\"4784656\" data-element_type=\"section\" data-settings=\"{&quot;stretch_section&quot;:&quot;section-stretched&quot;}\">\n\t\t\t\t\t\t<div class=\"elementor-container elementor-column-gap-default\">\n\t\t\t\t\t<div class=\"elementor-column elementor-col-50 elementor-top-column elementor-element elementor-element-7583bb2\" data-id=\"7583bb2\" data-element_type=\"column\">\n\t\t\t<div class=\"elementor-widget-wrap elementor-element-populated\">\n\t\t\t\t\t\t<div class=\"elementor-element elementor-element-7f423b7 elementor-widget elementor-widget-text-editor\" data-id=\"7f423b7\" data-element_type=\"widget\" data-widget_type=\"text-editor.default\">\n\t\t\t\t<div class=\"elementor-widget-container\">\n\t\t\t\t\t\t\t<p>Juno Caf\u00e9 presenta un men\u00fa que evoluciona no solo con las estaciones sino semanalmente gracias a nuestro socio de alimentos y bebidas, Cal Blay. Estamos orgullosos de apoyar a los productores locales y trabajar directamente con los agricultores para obtener productos org\u00e1nicos de la m\u00e1s alta calidad e ingredientes cosechados de manera sostenible. Desde capuchinos espumosos hasta men\u00fas de degustaci\u00f3n y un bocado r\u00e1pido y nutritivo, al equipo de Juno Caf\u00e9 le encanta cuidar de nuestros hu\u00e9spedes. Pasa por aqu\u00ed y mira lo que se est\u00e1 cocinando en la cocina esta semana.<\/p>\t\t\t\t\t\t<\/div>\n\t\t\t\t<\/div>\n\t\t\t\t<div class=\"elementor-element elementor-element-9f20618 elementor-widget elementor-widget-heading\" data-id=\"9f20618\" data-element_type=\"widget\" data-widget_type=\"heading.default\">\n\t\t\t\t<div class=\"elementor-widget-container\">\n\t\t\t<h2 class=\"elementor-heading-title elementor-size-default\">Horarios<\/h2>\t\t<\/div>\n\t\t\t\t<\/div>\n\t\t\t\t<section class=\"elementor-section elementor-inner-section elementor-element elementor-element-e5fb032 elementor-section-boxed elementor-section-height-default elementor-section-height-default\" data-id=\"e5fb032\" data-element_type=\"section\">\n\t\t\t\t\t\t<div class=\"elementor-container elementor-column-gap-default\">\n\t\t\t\t\t<div class=\"elementor-column elementor-col-100 elementor-inner-column elementor-element elementor-element-e7a395d\" data-id=\"e7a395d\" data-element_type=\"column\">\n\t\t\t<div class=\"elementor-widget-wrap elementor-element-populated\">\n\t\t\t\t\t\t<div class=\"elementor-element elementor-element-9829a89 elementor-widget elementor-widget-text-editor\" data-id=\"9829a89\" data-element_type=\"widget\" data-widget_type=\"text-editor.default\">\n\t\t\t\t<div class=\"elementor-widget-container\">\n\t\t\t\t\t\t\t<ul>\n \t<li>Desayunos en Juno Caf\u00e9: <strong>8:30h-11:30h<\/strong><\/li>\n \t<li>Comida en Juno Caf\u00e9: <strong>13h-16h<\/strong><\/li>\n \t<li>C\u00f3cteles y snacks en el Clubhouse: <strong>18h a 22h<\/strong> (dimarts a divendres)<\/li>\n \t<li>S\u00e1bados:<strong> 10-15h<\/strong> con Little Juno Kids club para socios e invitados<\/li>\n \t<li>En Juno Caf\u00e9 podr\u00e1s encontrar cualquier cosa para picar entre horas<\/li>\n<\/ul>\t\t\t\t\t\t<\/div>\n\t\t\t\t<\/div>\n\t\t\t\t\t<\/div>\n\t\t<\/div>\n\t\t\t\t\t<\/div>\n\t\t<\/section>\n\t\t\t\t<section class=\"elementor-section elementor-inner-section elementor-element elementor-element-fa7557d elementor-section-boxed elementor-section-height-default elementor-section-height-default\" data-id=\"fa7557d\" data-element_type=\"section\">\n\t\t\t\t\t\t<div class=\"elementor-container elementor-column-gap-default\">\n\t\t\t\t\t<div class=\"elementor-column elementor-col-100 elementor-inner-column elementor-element elementor-element-597b608\" data-id=\"597b608\" data-element_type=\"column\">\n\t\t\t<div class=\"elementor-widget-wrap elementor-element-populated\">\n\t\t\t\t\t\t<div class=\"elementor-element elementor-element-34dc830 elementor-widget elementor-widget-text-editor\" data-id=\"34dc830\" data-element_type=\"widget\" data-widget_type=\"text-editor.default\">\n\t\t\t\t<div class=\"elementor-widget-container\">\n\t\t\t\t\t\t\t<p><em>\u00a1Puedes encontrar informaci\u00f3n sobre nuestra serie de brunchs mensuales con m\u00fasica en directo y club infantil<span style=\"text-decoration: underline;\"><strong><a href=\"https:\/\/junohouseclub.com\/bigjunobrunch\"> aqu\u00ed<\/a><\/strong><\/span>!<\/em><\/p><p><em><i><span style=\"font-weight: 400;\">Para eventos privados o grupos grandes, por favor, escribe a <\/span><\/i><a href=\"mailto:mathilde@junohouseclub.com\"><b>events@junohouseclub.com<\/b><\/a><\/em><\/p>\t\t\t\t\t\t<\/div>\n\t\t\t\t<\/div>\n\t\t\t\t<div class=\"elementor-element elementor-element-157cda8 elementor-widget elementor-widget-heading\" data-id=\"157cda8\" data-element_type=\"widget\" data-widget_type=\"heading.default\">\n\t\t\t\t<div class=\"elementor-widget-container\">\n\t\t\t<h3 class=\"elementor-heading-title elementor-size-default\">\u00a1Haz tu reserva! Recuerda que es una web exclusiva para socias. <\/h3>\t\t<\/div>\n\t\t\t\t<\/div>\n\t\t\t\t<div class=\"elementor-element elementor-element-4554d55 bg-white elementor-widget elementor-widget-html\" data-id=\"4554d55\" data-element_type=\"widget\" data-widget_type=\"html.default\">\n\t\t\t\t<div class=\"elementor-widget-container\">\n\t\t\t<iframe id=\"restaurante-junohouse\" title=\"Reservas\" src=\"https:\/\/widget.thefork.com\/es\/ac22dde5-1cb8-4daa-99bb-ac64cd560198\" frameborder=\"0\" height=\"550\" width=\"100%\" style=\"width: 100%; min-height:550px; border:none; overflow:scroll;     filter: grayscale(1);\"><\/iframe>\t\t<\/div>\n\t\t\t\t<\/div>\n\t\t\t\t\t<\/div>\n\t\t<\/div>\n\t\t\t\t\t<\/div>\n\t\t<\/section>\n\t\t\t\t\t<\/div>\n\t\t<\/div>\n\t\t\t\t<div class=\"elementor-column elementor-col-50 elementor-top-column elementor-element elementor-element-be6493f\" data-id=\"be6493f\" data-element_type=\"column\" data-settings=\"{&quot;background_background&quot;:&quot;classic&quot;}\">\n\t\t\t<div class=\"elementor-widget-wrap elementor-element-populated\">\n\t\t\t\t\t\t<div class=\"elementor-element elementor-element-897e60d elementor-widget elementor-widget-spacer\" data-id=\"897e60d\" data-element_type=\"widget\" data-widget_type=\"spacer.default\">\n\t\t\t\t<div class=\"elementor-widget-container\">\n\t\t\t\t\t<div class=\"elementor-spacer\">\n\t\t\t<div class=\"elementor-spacer-inner\"><\/div>\n\t\t<\/div>\n\t\t\t\t<\/div>\n\t\t\t\t<\/div>\n\t\t\t\t\t<\/div>\n\t\t<\/div>\n\t\t\t\t\t<\/div>\n\t\t<\/section>\n\t\t\t\t<section class=\"elementor-section elementor-top-section elementor-element elementor-element-eebf828 elementor-section-stretched elementor-hidden-mobile elementor-hidden-desktop elementor-hidden-laptop elementor-hidden-tablet elementor-section-boxed elementor-section-height-default elementor-section-height-default\" data-id=\"eebf828\" data-element_type=\"section\" data-settings=\"{&quot;stretch_section&quot;:&quot;section-stretched&quot;,&quot;background_background&quot;:&quot;classic&quot;}\">\n\t\t\t\t\t\t<div class=\"elementor-container elementor-column-gap-default\">\n\t\t\t\t\t<div class=\"elementor-column elementor-col-100 elementor-top-column elementor-element elementor-element-73a0e44\" data-id=\"73a0e44\" data-element_type=\"column\">\n\t\t\t<div class=\"elementor-widget-wrap elementor-element-populated\">\n\t\t\t\t\t\t<div class=\"elementor-element elementor-element-f96a19b elementor-widget elementor-widget-spacer\" data-id=\"f96a19b\" data-element_type=\"widget\" data-widget_type=\"spacer.default\">\n\t\t\t\t<div class=\"elementor-widget-container\">\n\t\t\t\t\t<div class=\"elementor-spacer\">\n\t\t\t<div class=\"elementor-spacer-inner\"><\/div>\n\t\t<\/div>\n\t\t\t\t<\/div>\n\t\t\t\t<\/div>\n\t\t\t\t<div class=\"elementor-element elementor-element-de423cb elementor-widget elementor-widget-heading\" data-id=\"de423cb\" data-element_type=\"widget\" data-widget_type=\"heading.default\">\n\t\t\t\t<div class=\"elementor-widget-container\">\n\t\t\t<h2 class=\"elementor-heading-title elementor-size-default\">Descubre el men\u00fa <\/h2>\t\t<\/div>\n\t\t\t\t<\/div>\n\t\t\t\t<div class=\"elementor-element elementor-element-2612560 elementor-align-center elementor-widget elementor-widget-button\" data-id=\"2612560\" data-element_type=\"widget\" data-widget_type=\"button.default\">\n\t\t\t\t<div class=\"elementor-widget-container\">\n\t\t\t\t\t<div class=\"elementor-button-wrapper\">\n\t\t\t<a class=\"elementor-button elementor-button-link elementor-size-sm\" href=\"https:\/\/junohouseclub.com\/wp-content\/uploads\/2023\/02\/Menu-Nave.pdf\">\n\t\t\t\t\t\t<span class=\"elementor-button-content-wrapper\">\n\t\t\t\t\t\t\t\t\t<span class=\"elementor-button-text\">Haz clic aqu\u00ed <\/span>\n\t\t\t\t\t<\/span>\n\t\t\t\t\t<\/a>\n\t\t<\/div>\n\t\t\t\t<\/div>\n\t\t\t\t<\/div>\n\t\t\t\t<div class=\"elementor-element elementor-element-dc557b5 elementor-widget elementor-widget-spacer\" data-id=\"dc557b5\" data-element_type=\"widget\" data-widget_type=\"spacer.default\">\n\t\t\t\t<div class=\"elementor-widget-container\">\n\t\t\t\t\t<div class=\"elementor-spacer\">\n\t\t\t<div class=\"elementor-spacer-inner\"><\/div>\n\t\t<\/div>\n\t\t\t\t<\/div>\n\t\t\t\t<\/div>\n\t\t\t\t\t<\/div>\n\t\t<\/div>\n\t\t\t\t\t<\/div>\n\t\t<\/section>\n\t\t\t\t<\/div>\n\t\t","protected":false},"excerpt":{"rendered":"<p>reservas Juno Caf\u00e9 es el lugar ideal para degustar platos saludables, de temporada y ecol\u00f3gicos. El Clubhouse es el espacio para desconectar y disfrutar de un afterwork exclusivo. C\u00f3cteles de primera calidad, peque\u00f1os platos y un ambiente acogedor. Juno Caf\u00e9 presenta un men\u00fa que evoluciona no solo con las estaciones sino semanalmente gracias a nuestro [&hellip;]<\/p>\n","protected":false},"author":3,"featured_media":0,"parent":0,"menu_order":2,"comment_status":"closed","ping_status":"closed","template":"","meta":{"_acf_changed":false,"footnotes":"","_links_to":"","_links_to_target":""},"class_list":["post-9458","page","type-page","status-publish","hentry"],"acf":[],"yoast_head":"<!-- This site is optimized with the Yoast SEO plugin v23.6 - https:\/\/yoast.com\/wordpress\/plugins\/seo\/ -->\n<title>Juno Caf\u00e9 - Juno House<\/title>\n<meta name=\"description\" content=\"Juno Caf\u00e9 ofrece un men\u00fa din\u00e1mico de temporada desarrollado para Juno House por Laura Veraguas. De origen vegetal, org\u00e1nico y lleno de sabor, trabajamos con productores locales que priorizan la calidad por encima de la cantidad y ponen el coraz\u00f3n y el alma a los alimentos que servimos en Juno House.\" \/>\n<meta name=\"robots\" content=\"index, follow, max-snippet:-1, max-image-preview:large, max-video-preview:-1\" \/>\n<link rel=\"canonical\" href=\"https:\/\/junohouseclub.com\/es\/juno-cafe-booking\/\" \/>\n<meta property=\"og:locale\" content=\"es_ES\" \/>\n<meta property=\"og:type\" content=\"article\" \/>\n<meta property=\"og:title\" content=\"Juno Caf\u00e9 - Juno House\" \/>\n<meta property=\"og:description\" content=\"Juno Caf\u00e9 ofrece un men\u00fa din\u00e1mico de temporada desarrollado para Juno House por Laura Veraguas. De origen vegetal, org\u00e1nico y lleno de sabor, trabajamos con productores locales que priorizan la calidad por encima de la cantidad y ponen el coraz\u00f3n y el alma a los alimentos que servimos en Juno House.\" \/>\n<meta property=\"og:url\" content=\"https:\/\/junohouseclub.com\/es\/juno-cafe-booking\/\" \/>\n<meta property=\"og:site_name\" content=\"Juno House\" \/>\n<meta property=\"article:modified_time\" content=\"2025-01-24T12:30:10+00:00\" \/>\n<meta name=\"twitter:card\" content=\"summary_large_image\" \/>\n<meta name=\"twitter:label1\" content=\"Tiempo de lectura\" \/>\n\t<meta name=\"twitter:data1\" content=\"2 minutos\" \/>\n<script type=\"application\/ld+json\" class=\"yoast-schema-graph\">{\"@context\":\"https:\/\/schema.org\",\"@graph\":[{\"@type\":\"WebPage\",\"@id\":\"https:\/\/junohouseclub.com\/es\/juno-cafe-booking\/\",\"url\":\"https:\/\/junohouseclub.com\/es\/juno-cafe-booking\/\",\"name\":\"Juno Caf\u00e9 - Juno House\",\"isPartOf\":{\"@id\":\"https:\/\/junohouseclub.com\/es\/#website\"},\"datePublished\":\"2022-04-20T20:06:18+00:00\",\"dateModified\":\"2025-01-24T12:30:10+00:00\",\"description\":\"Juno Caf\u00e9 ofrece un men\u00fa din\u00e1mico de temporada desarrollado para Juno House por Laura Veraguas. De origen vegetal, org\u00e1nico y lleno de sabor, trabajamos con productores locales que priorizan la calidad por encima de la cantidad y ponen el coraz\u00f3n y el alma a los alimentos que servimos en Juno House.\",\"breadcrumb\":{\"@id\":\"https:\/\/junohouseclub.com\/es\/juno-cafe-booking\/#breadcrumb\"},\"inLanguage\":\"es\",\"potentialAction\":[{\"@type\":\"ReadAction\",\"target\":[\"https:\/\/junohouseclub.com\/es\/juno-cafe-booking\/\"]}]},{\"@type\":\"BreadcrumbList\",\"@id\":\"https:\/\/junohouseclub.com\/es\/juno-cafe-booking\/#breadcrumb\",\"itemListElement\":[{\"@type\":\"ListItem\",\"position\":1,\"name\":\"Home\",\"item\":\"https:\/\/junohouseclub.com\/es\/\"},{\"@type\":\"ListItem\",\"position\":2,\"name\":\"Juno Caf\u00e9\"}]},{\"@type\":\"WebSite\",\"@id\":\"https:\/\/junohouseclub.com\/es\/#website\",\"url\":\"https:\/\/junohouseclub.com\/es\/\",\"name\":\"Juno House\",\"description\":\"Members\u2019 club &amp; workspace\",\"publisher\":{\"@id\":\"https:\/\/junohouseclub.com\/es\/#organization\"},\"potentialAction\":[{\"@type\":\"SearchAction\",\"target\":{\"@type\":\"EntryPoint\",\"urlTemplate\":\"https:\/\/junohouseclub.com\/es\/?s={search_term_string}\"},\"query-input\":{\"@type\":\"PropertyValueSpecification\",\"valueRequired\":true,\"valueName\":\"search_term_string\"}}],\"inLanguage\":\"es\"},{\"@type\":\"Organization\",\"@id\":\"https:\/\/junohouseclub.com\/es\/#organization\",\"name\":\"Juno House\",\"url\":\"https:\/\/junohouseclub.com\/es\/\",\"logo\":{\"@type\":\"ImageObject\",\"inLanguage\":\"es\",\"@id\":\"https:\/\/junohouseclub.com\/es\/#\/schema\/logo\/image\/\",\"url\":\"https:\/\/junohouseclub.com\/wp-content\/uploads\/2024\/02\/Asset-1.svg\",\"contentUrl\":\"https:\/\/junohouseclub.com\/wp-content\/uploads\/2024\/02\/Asset-1.svg\",\"width\":575,\"height\":98,\"caption\":\"Juno House\"},\"image\":{\"@id\":\"https:\/\/junohouseclub.com\/es\/#\/schema\/logo\/image\/\"}}]}<\/script>\n<!-- \/ Yoast SEO plugin. -->","yoast_head_json":{"title":"Juno Caf\u00e9 - Juno House","description":"Juno Caf\u00e9 ofrece un men\u00fa din\u00e1mico de temporada desarrollado para Juno House por Laura Veraguas. De origen vegetal, org\u00e1nico y lleno de sabor, trabajamos con productores locales que priorizan la calidad por encima de la cantidad y ponen el coraz\u00f3n y el alma a los alimentos que servimos en Juno House.","robots":{"index":"index","follow":"follow","max-snippet":"max-snippet:-1","max-image-preview":"max-image-preview:large","max-video-preview":"max-video-preview:-1"},"canonical":"https:\/\/junohouseclub.com\/es\/juno-cafe-booking\/","og_locale":"es_ES","og_type":"article","og_title":"Juno Caf\u00e9 - Juno House","og_description":"Juno Caf\u00e9 ofrece un men\u00fa din\u00e1mico de temporada desarrollado para Juno House por Laura Veraguas. De origen vegetal, org\u00e1nico y lleno de sabor, trabajamos con productores locales que priorizan la calidad por encima de la cantidad y ponen el coraz\u00f3n y el alma a los alimentos que servimos en Juno House.","og_url":"https:\/\/junohouseclub.com\/es\/juno-cafe-booking\/","og_site_name":"Juno House","article_modified_time":"2025-01-24T12:30:10+00:00","twitter_card":"summary_large_image","twitter_misc":{"Tiempo de lectura":"2 minutos"},"schema":{"@context":"https:\/\/schema.org","@graph":[{"@type":"WebPage","@id":"https:\/\/junohouseclub.com\/es\/juno-cafe-booking\/","url":"https:\/\/junohouseclub.com\/es\/juno-cafe-booking\/","name":"Juno Caf\u00e9 - Juno House","isPartOf":{"@id":"https:\/\/junohouseclub.com\/es\/#website"},"datePublished":"2022-04-20T20:06:18+00:00","dateModified":"2025-01-24T12:30:10+00:00","description":"Juno Caf\u00e9 ofrece un men\u00fa din\u00e1mico de temporada desarrollado para Juno House por Laura Veraguas. De origen vegetal, org\u00e1nico y lleno de sabor, trabajamos con productores locales que priorizan la calidad por encima de la cantidad y ponen el coraz\u00f3n y el alma a los alimentos que servimos en Juno House.","breadcrumb":{"@id":"https:\/\/junohouseclub.com\/es\/juno-cafe-booking\/#breadcrumb"},"inLanguage":"es","potentialAction":[{"@type":"ReadAction","target":["https:\/\/junohouseclub.com\/es\/juno-cafe-booking\/"]}]},{"@type":"BreadcrumbList","@id":"https:\/\/junohouseclub.com\/es\/juno-cafe-booking\/#breadcrumb","itemListElement":[{"@type":"ListItem","position":1,"name":"Home","item":"https:\/\/junohouseclub.com\/es\/"},{"@type":"ListItem","position":2,"name":"Juno Caf\u00e9"}]},{"@type":"WebSite","@id":"https:\/\/junohouseclub.com\/es\/#website","url":"https:\/\/junohouseclub.com\/es\/","name":"Juno House","description":"Members\u2019 club &amp; workspace","publisher":{"@id":"https:\/\/junohouseclub.com\/es\/#organization"},"potentialAction":[{"@type":"SearchAction","target":{"@type":"EntryPoint","urlTemplate":"https:\/\/junohouseclub.com\/es\/?s={search_term_string}"},"query-input":{"@type":"PropertyValueSpecification","valueRequired":true,"valueName":"search_term_string"}}],"inLanguage":"es"},{"@type":"Organization","@id":"https:\/\/junohouseclub.com\/es\/#organization","name":"Juno House","url":"https:\/\/junohouseclub.com\/es\/","logo":{"@type":"ImageObject","inLanguage":"es","@id":"https:\/\/junohouseclub.com\/es\/#\/schema\/logo\/image\/","url":"https:\/\/junohouseclub.com\/wp-content\/uploads\/2024\/02\/Asset-1.svg","contentUrl":"https:\/\/junohouseclub.com\/wp-content\/uploads\/2024\/02\/Asset-1.svg","width":575,"height":98,"caption":"Juno House"},"image":{"@id":"https:\/\/junohouseclub.com\/es\/#\/schema\/logo\/image\/"}}]}},"_links":{"self":[{"href":"https:\/\/junohouseclub.com\/es\/wp-json\/wp\/v2\/pages\/9458","targetHints":{"allow":["GET"]}}],"collection":[{"href":"https:\/\/junohouseclub.com\/es\/wp-json\/wp\/v2\/pages"}],"about":[{"href":"https:\/\/junohouseclub.com\/es\/wp-json\/wp\/v2\/types\/page"}],"author":[{"embeddable":true,"href":"https:\/\/junohouseclub.com\/es\/wp-json\/wp\/v2\/users\/3"}],"replies":[{"embeddable":true,"href":"https:\/\/junohouseclub.com\/es\/wp-json\/wp\/v2\/comments?post=9458"}],"version-history":[{"count":84,"href":"https:\/\/junohouseclub.com\/es\/wp-json\/wp\/v2\/pages\/9458\/revisions"}],"predecessor-version":[{"id":36694,"href":"https:\/\/junohouseclub.com\/es\/wp-json\/wp\/v2\/pages\/9458\/revisions\/36694"}],"wp:attachment":[{"href":"https:\/\/junohouseclub.com\/es\/wp-json\/wp\/v2\/media?parent=9458"}],"curies":[{"name":"wp","href":"https:\/\/api.w.org\/{rel}","templated":true}]}}